{"id":4487,"date":"2022-07-25T12:44:24","date_gmt":"2022-07-25T10:44:24","guid":{"rendered":"https:\/\/infomueble.es\/producto\/japan-1p\/"},"modified":"2022-08-08T11:23:36","modified_gmt":"2022-08-08T09:23:36","slug":"japan-1p","status":"publish","type":"product","link":"https:\/\/infomueble.es\/ca\/producto\/japan-1p\/","title":{"rendered":"Japan 1P"},"content":{"rendered":"","protected":false},"excerpt":{"rendered":"<p><span style=\"font-size: 8pt;\">IVA no incl\u00f2s <\/span><\/p>\n<hr>\n<h4><span style=\"font-family: helvetica, arial, sans-serif;\">CARACTER\u00cdSTIQUES<\/span><\/h4>\n<hr>\n<p>&nbsp;<\/p>\n<ul>\n<li><span style=\"color: #808080; font-family: helvetica, arial, sans-serif;\">Seient i respatller entapissat sobre una estructura interior fabricada en una combinaci\u00f3 de fusta massissa i tauler aglomerat. Recobert amb espuma flexible de poliuret\u00e0, conformant un cos \u00fanic fixe de seient, trasera i bra\u00e7os entapissats.<\/span><\/li>\n<li><span style=\"color: #808080;\">Estructura met\u00e0l\u00b7lica de 4 potes fabricada en tub d&#8217;acer creuada i soldada. Pintada en epoxi color blanc o negre (tamb\u00e9 disponible en altres colors).<\/span><\/li>\n<li><span style=\"color: #808080;\">Personalizaci\u00f3 del cos en gran varietat d&#8217;acabats i colors.<\/span><\/li>\n<li><span style=\"color: #808080; font-family: helvetica, arial, sans-serif;\"><strong>Mesures:<\/strong> Ample: 700 cm \/ Alt: 770 cm \/ Fons: 640 cm<\/span><\/li>\n<\/ul>\n<p>&nbsp;<\/p>\n<h6><span style=\"font-family: helvetica, arial, sans-serif; color: #520606;\">TRANSPORT I MUNTATGE INCL\u00d2S A MALLORCA<\/span><\/h6>\n<h6><span style=\"font-family: helvetica, arial, sans-serif; color: #520606;\">3 ANYS DE GARANTIA<\/span><\/h6>\n","protected":false},"featured_media":4423,"template":"","meta":{"_et_pb_use_builder":"","_et_pb_old_content":"","_et_gb_content_width":"","_joinchat":[]},"product_brand":[],"product_cat":[94,96],"product_tag":[],"class_list":{"0":"post-4487","1":"product","2":"type-product","3":"status-publish","4":"has-post-thumbnail","6":"product_cat-cadires","7":"product_cat-soft-seating-ca","9":"first","10":"outofstock","11":"taxable","12":"shipping-taxable","13":"purchasable","14":"product-type-simple"},"_links":{"self":[{"href":"https:\/\/infomueble.es\/ca\/wp-json\/wp\/v2\/product\/4487","targetHints":{"allow":["GET"]}}],"collection":[{"href":"https:\/\/infomueble.es\/ca\/wp-json\/wp\/v2\/product"}],"about":[{"href":"https:\/\/infomueble.es\/ca\/wp-json\/wp\/v2\/types\/product"}],"wp:featuredmedia":[{"embeddable":true,"href":"https:\/\/infomueble.es\/ca\/wp-json\/wp\/v2\/media\/4423"}],"wp:attachment":[{"href":"https:\/\/infomueble.es\/ca\/wp-json\/wp\/v2\/media?parent=4487"}],"wp:term":[{"taxonomy":"product_brand","embeddable":true,"href":"https:\/\/infomueble.es\/ca\/wp-json\/wp\/v2\/product_brand?post=4487"},{"taxonomy":"product_cat","embeddable":true,"href":"https:\/\/infomueble.es\/ca\/wp-json\/wp\/v2\/product_cat?post=4487"},{"taxonomy":"product_tag","embeddable":true,"href":"https:\/\/infomueble.es\/ca\/wp-json\/wp\/v2\/product_tag?post=4487"}],"curies":[{"name":"wp","href":"https:\/\/api.w.org\/{rel}","templated":true}]}}