{"id":4555,"date":"2019-05-28T09:47:32","date_gmt":"2019-05-28T07:47:32","guid":{"rendered":"https:\/\/infomueble.es\/producto\/pack-ceres\/"},"modified":"2019-05-28T09:47:32","modified_gmt":"2019-05-28T07:47:32","slug":"pack-ceres-2","status":"publish","type":"product","link":"https:\/\/infomueble.es\/ca\/producto\/pack-ceres-2\/","title":{"rendered":"Pack Ceres"},"content":{"rendered":"","protected":false},"excerpt":{"rendered":"<p><span style=\"font-size: 8pt;\">IVA no incl\u00f2s <\/span><\/p>\n<hr>\n<h4><span style=\"font-family: helvetica, arial, sans-serif; color: #333333;\">CARACTER\u00cdSTIQUES<\/span><\/h4>\n<hr>\n<ul>\n<li><strong>Taula<\/strong><strong>:<\/strong> 200 x 90 x 74 cm. Bimelaminat de 30 mm, cantejat en PVC. Acabat a triar. Posibilitat d&#8217;adaptar mesures sense cost addicional.<\/li>\n<li><strong>Ala :<\/strong> 100 x 60 x 74 cm. Bimelaminat de 30 mm, cantejat en PVC. Acabat a triar. Posibilitat d&#8217;adaptar mesures sense cost addicional.<\/li>\n<li><strong>Calaixera :<\/strong> 44 x 57 x 72 cm. Bimelaminat de 30 mm, cantejat en PVC. Acabat a triar. Guies telesc\u00f2piques d&#8217;acer. Calaix uniblock ultra resistent.<\/li>\n<li><strong>Opcional:<\/strong> A triar 3 calaixeres o 1 calaix + 1 arxivador, sense cost addicional.<\/li>\n<li>Potes anivelladores d&#8217;acer de m\u00e8trica 8 mm amb part inferior d&#8217;ABS ultra resistent.<\/li>\n<li>Tots els par\u00e0metres es troben totalment cantejats i sellegats amb cola eva termofusible a 200\u00baC.<\/li>\n<li>L&#8217;ala \u00e9s reversible podent-se situar a l&#8217;esquerra o dreta indistintament.<\/li>\n<li>L&#8217;interior del taulell est\u00e0 compost per aglomerat de part\u00edcules de fusta d&#8217;alta densitat.<\/li>\n<li>El disseny del cantell varia en funci\u00f3 de la veta aconseguint un efecte mass\u00eds que real\u00e7a el seu estil.<\/li>\n<\/ul>\n<p>&nbsp;<\/p>\n<h6><span style=\"font-family: helvetica, arial, sans-serif; color: #520606;\">TRANSPORT I MUNTATGE INCL\u00d2S A MALLORCA<\/span><\/h6>\n<h6><span style=\"font-family: helvetica, arial, sans-serif; color: #520606;\"> 3 ANYS DE GARANTIA<\/span><\/h6>\n","protected":false},"featured_media":3551,"template":"","meta":{"_et_pb_use_builder":"","_et_pb_old_content":"","_et_gb_content_width":"","_joinchat":[]},"product_brand":[],"product_cat":[101,100,159,161],"product_tag":[],"class_list":{"0":"post-4555","1":"product","2":"type-product","3":"status-publish","4":"has-post-thumbnail","6":"product_cat-mobiliari","7":"product_cat-taules","8":"product_cat-taules-amb-ala","9":"product_cat-taules-i-despatxos-de-direccio","11":"first","12":"outofstock","13":"taxable","14":"shipping-taxable","15":"purchasable","16":"product-type-simple"},"_links":{"self":[{"href":"https:\/\/infomueble.es\/ca\/wp-json\/wp\/v2\/product\/4555","targetHints":{"allow":["GET"]}}],"collection":[{"href":"https:\/\/infomueble.es\/ca\/wp-json\/wp\/v2\/product"}],"about":[{"href":"https:\/\/infomueble.es\/ca\/wp-json\/wp\/v2\/types\/product"}],"wp:featuredmedia":[{"embeddable":true,"href":"https:\/\/infomueble.es\/ca\/wp-json\/wp\/v2\/media\/3551"}],"wp:attachment":[{"href":"https:\/\/infomueble.es\/ca\/wp-json\/wp\/v2\/media?parent=4555"}],"wp:term":[{"taxonomy":"product_brand","embeddable":true,"href":"https:\/\/infomueble.es\/ca\/wp-json\/wp\/v2\/product_brand?post=4555"},{"taxonomy":"product_cat","embeddable":true,"href":"https:\/\/infomueble.es\/ca\/wp-json\/wp\/v2\/product_cat?post=4555"},{"taxonomy":"product_tag","embeddable":true,"href":"https:\/\/infomueble.es\/ca\/wp-json\/wp\/v2\/product_tag?post=4555"}],"curies":[{"name":"wp","href":"https:\/\/api.w.org\/{rel}","templated":true}]}}