{"id":4559,"date":"2019-05-28T20:43:46","date_gmt":"2019-05-28T18:43:46","guid":{"rendered":"https:\/\/infomueble.es\/producto\/arxivador-carpetes-penjants-4-calaixos\/"},"modified":"2024-04-17T12:45:02","modified_gmt":"2024-04-17T10:45:02","slug":"arxius-per-carpetes-penjants","status":"publish","type":"product","link":"https:\/\/infomueble.es\/ca\/producto\/arxius-per-carpetes-penjants\/","title":{"rendered":"Arxivador carpetes penjants 4 calaixos"},"content":{"rendered":"","protected":false},"excerpt":{"rendered":"<p><span style=\"font-size: 8pt;\">IVA no incl\u00f2s <\/span><\/p>\n<hr>\n<h4><span style=\"font-family: helvetica, arial, sans-serif;\">CARACTER\u00cdSTIQUES<\/span><\/h4>\n<hr>\n<ul>\n<li>Estructura de xapa d&#8217;acer laminat en fred de 0,8 mm &#8211; 1,2 mm. Monoblock.<\/li>\n<li>Calaix 100% extra\u00efble amb guies met\u00e0l\u00b7liques lliscants amb rodaments. Cada calaix ve equipat amb un porta etiquetes de PVC transparent. Tirador integrat a la part superior del calaix.<\/li>\n<li>Dimensi\u00f3 \u00fatil per calaix : 531 x 383 x 274 mm. C\u00e0rrega m\u00e0xima per calaix : 45 kg .<\/li>\n<li>S&#8217;inclou adaptador per penjar carpetes A4, foli o foli prolongat (carpeta inglesa).<\/li>\n<li>Dist\u00e0ncia entre eixos de carpetes penjants : <strong>A4<\/strong> 333 mm; <strong>Foli<\/strong> 367 mm; <strong>Foli prolongat<\/strong> \/ inglesa 388 mm.<\/li>\n<li>Pany amb cilindre de 22 mm i claus articulades.<\/li>\n<li>Dimensions: 1321 x 472 x 622 (mil\u00edmetres)<\/li>\n<li>Sistema antibolcada d&#8217;apertura sel\u00b7lectiva de calaix per evitar es puguin obrir a la vegada, redu\u00efnt el risc de bolcada.<\/li>\n<li>Pintura en bany desgreixador i tractament anti-corrosiu basat en nanotecnologia pintat en epoxi-poli\u00e8ster i assecat a 190 \u00baC.<\/li>\n<\/ul>\n<p>&nbsp;<\/p>\n<h6><span style=\"font-family: helvetica, arial, sans-serif; color: #520606;\">TRANSPORT I MUNTATGE INCL\u00d2S A MALLORCA <\/span><\/h6>\n<h6><span style=\"font-family: helvetica, arial, sans-serif; color: #520606;\">3 ANYS DE GARANTIA <\/span><\/h6>\n<p>&nbsp;<\/p>\n","protected":false},"featured_media":5470,"template":"","meta":{"_et_pb_use_builder":"","_et_pb_old_content":"","_et_gb_content_width":"","_joinchat":[]},"product_brand":[],"product_cat":[111,110],"product_tag":[],"class_list":{"0":"post-4559","1":"product","2":"type-product","3":"status-publish","4":"has-post-thumbnail","6":"product_cat-arxivadors","7":"product_cat-sistemes-darxius","9":"first","10":"instock","11":"taxable","12":"shipping-taxable","13":"purchasable","14":"product-type-simple"},"_links":{"self":[{"href":"https:\/\/infomueble.es\/ca\/wp-json\/wp\/v2\/product\/4559","targetHints":{"allow":["GET"]}}],"collection":[{"href":"https:\/\/infomueble.es\/ca\/wp-json\/wp\/v2\/product"}],"about":[{"href":"https:\/\/infomueble.es\/ca\/wp-json\/wp\/v2\/types\/product"}],"wp:featuredmedia":[{"embeddable":true,"href":"https:\/\/infomueble.es\/ca\/wp-json\/wp\/v2\/media\/5470"}],"wp:attachment":[{"href":"https:\/\/infomueble.es\/ca\/wp-json\/wp\/v2\/media?parent=4559"}],"wp:term":[{"taxonomy":"product_brand","embeddable":true,"href":"https:\/\/infomueble.es\/ca\/wp-json\/wp\/v2\/product_brand?post=4559"},{"taxonomy":"product_cat","embeddable":true,"href":"https:\/\/infomueble.es\/ca\/wp-json\/wp\/v2\/product_cat?post=4559"},{"taxonomy":"product_tag","embeddable":true,"href":"https:\/\/infomueble.es\/ca\/wp-json\/wp\/v2\/product_tag?post=4559"}],"curies":[{"name":"wp","href":"https:\/\/api.w.org\/{rel}","templated":true}]}}