{"id":4563,"date":"2019-06-13T17:42:55","date_gmt":"2019-06-13T15:42:55","guid":{"rendered":"https:\/\/infomueble.es\/producto\/taulell-beta\/"},"modified":"2019-06-13T17:42:55","modified_gmt":"2019-06-13T15:42:55","slug":"mostrador-beta1-2","status":"publish","type":"product","link":"https:\/\/infomueble.es\/ca\/producto\/mostrador-beta1-2\/","title":{"rendered":"Taulell Beta"},"content":{"rendered":"","protected":false},"excerpt":{"rendered":"<p><span style=\"font-size: 8pt;\">IVA no incl\u00f2s <\/span><\/p>\n<hr>\n<h4><span style=\"font-family: helvetica, arial, sans-serif; color: #333333;\">CARACTER\u00cdSTIQUES<\/span><\/h4>\n<hr>\n<ul>\n<li><strong>Taula<\/strong><strong>:<\/strong> 180 x 80 x 74 cm. Bimelaminat de 30 mm, cantejat en PVC. Acabat a triar. Posibilitat d&#8217;adaptar mesures sense cost addicional.<\/li>\n<li><strong>Taulell: <\/strong>180 x 30 x 107 Cm. Sobre bimelaminat de 30 mm i frontal 19 mm. Acabat a triar.<\/li>\n<li><strong>Ala :<\/strong> 100 x 60 x 74 cm. Bimelaminat de 30 mm, cantejat en PVC. Acabat a triar. Posibilitat d&#8217;adaptar mesures sense cost addicional.<\/li>\n<li><strong>Calaixera :<\/strong> 44 x 57 x 72 cm. Bimelaminat de 30 mm, cantejat en PVC. Acabat a triar. Amb guies telesc\u00f2piques d&#8217;acer. Calaix uniblock ultra resistent.<\/li>\n<li><strong>Opcional:<\/strong> A triar 3 calaixeres o 1 calaix + 1 arxivador, sense cost addicional.<\/li>\n<li>El sobre del taulell disposa de dos refor\u00e7os interiors antipalanca per assegurar la seva resist\u00e8ncia a l&#8217;\u00fas intensiu.<\/li>\n<li>Potes anivelladores d&#8217;acer de m\u00e8trica 8 mm amb part inferior d&#8217;ABS ultra resistent.<\/li>\n<li>Tots els par\u00e0metres es troben totalment cantejats i sellegats amb cola termofusible a 200 \u00baC.<\/li>\n<li>L&#8217;ala \u00e9s reversible podent-se situar a l&#8217;esquerra o dreta indistintament.<\/li>\n<li>L&#8217;interior del taulell est\u00e0 compost per aglomerat de part\u00edcules de fusta d&#8217;alta densitat.<\/li>\n<li>Es suministra amb un passacables central amb embellidor blanc i tapa registrable.<\/li>\n<\/ul>\n<p>&nbsp;<\/p>\n<h6><span style=\"font-family: helvetica, arial, sans-serif; color: #520606;\">TRANSPORT I MUNTATGE INCL\u00d2S A MALLORCA<\/span><\/h6>\n<h6><span style=\"font-family: helvetica, arial, sans-serif; color: #520606;\"> 3 ANYS DE GARANTIA<\/span><\/h6>\n","protected":false},"featured_media":3867,"template":"","meta":{"_et_pb_use_builder":"off","_et_pb_old_content":"","_et_gb_content_width":"","_joinchat":[]},"product_brand":[],"product_cat":[101,115,100],"product_tag":[],"class_list":{"0":"post-4563","1":"product","2":"type-product","3":"status-publish","4":"has-post-thumbnail","6":"product_cat-mobiliari","7":"product_cat-taulells-i-recepcions","8":"product_cat-taules","10":"first","11":"instock","12":"taxable","13":"shipping-taxable","14":"purchasable","15":"product-type-simple"},"_links":{"self":[{"href":"https:\/\/infomueble.es\/ca\/wp-json\/wp\/v2\/product\/4563","targetHints":{"allow":["GET"]}}],"collection":[{"href":"https:\/\/infomueble.es\/ca\/wp-json\/wp\/v2\/product"}],"about":[{"href":"https:\/\/infomueble.es\/ca\/wp-json\/wp\/v2\/types\/product"}],"wp:featuredmedia":[{"embeddable":true,"href":"https:\/\/infomueble.es\/ca\/wp-json\/wp\/v2\/media\/3867"}],"wp:attachment":[{"href":"https:\/\/infomueble.es\/ca\/wp-json\/wp\/v2\/media?parent=4563"}],"wp:term":[{"taxonomy":"product_brand","embeddable":true,"href":"https:\/\/infomueble.es\/ca\/wp-json\/wp\/v2\/product_brand?post=4563"},{"taxonomy":"product_cat","embeddable":true,"href":"https:\/\/infomueble.es\/ca\/wp-json\/wp\/v2\/product_cat?post=4563"},{"taxonomy":"product_tag","embeddable":true,"href":"https:\/\/infomueble.es\/ca\/wp-json\/wp\/v2\/product_tag?post=4563"}],"curies":[{"name":"wp","href":"https:\/\/api.w.org\/{rel}","templated":true}]}}