{"id":4567,"date":"2019-06-05T19:05:31","date_gmt":"2019-06-05T17:05:31","guid":{"rendered":"https:\/\/infomueble.es\/producto\/llibreria-formentera\/"},"modified":"2023-06-29T13:37:00","modified_gmt":"2023-06-29T11:37:00","slug":"llibreria-baixa-amb-portes","status":"publish","type":"product","link":"https:\/\/infomueble.es\/ca\/producto\/llibreria-baixa-amb-portes\/","title":{"rendered":"Llibreria Formentera"},"content":{"rendered":"","protected":false},"excerpt":{"rendered":"<p><span style=\"font-size: 8pt;\">IVA no incl\u00f2s <\/span><\/p>\n<p><span style=\"font-size: 24pt;\"><strong>*<span style=\"font-size: 10pt;\"> Preu d&#8217;1 m\u00f2dul sense portes<\/span><\/strong><\/span><\/p>\n<hr>\n<h4><span style=\"font-family: helvetica, arial, sans-serif; color: #333333;\">CARACTER\u00cdSTIQUES<\/span><\/h4>\n<hr>\n<ul>\n<li>M\u00f2dul llibreria <span style=\"font-size: 12pt;\"><strong>90 x 40 x 75 cm<\/strong><\/span>.<\/li>\n<li><strong>Sobre<\/strong><strong> :<\/strong> 178 x 40 cm. Bimelaminat de 30 mm, cantejat en PVC. Acabat a triar. Posibilitat d&#8217;adaptar mesures sense cost addicional.<\/li>\n<li><strong>Baix :<\/strong> 178 x 40 cm. Bimelaminat de 30 mm, cantejat en PVC. Acabat a triar. Posibilitat d&#8217;adaptar mesures sense cost addicional. Amb reguladors de nil\u00f3 de 4&#8217;5 mm, a\u00efllants del s\u00f2l.<\/li>\n<li><strong>Laterals :<\/strong> Bimelaminat de 19 mm, cantejat en PVC. Acabat a triar. Posibilitat d&#8217;adaptar mesures sense cost addicional. Amb perforacions de 5 mm per le regulaci\u00f3 dels estants cada 32 mm.<\/li>\n<li><strong>Trasera :<\/strong>Bimelaminat de 19 mm. Cantejat en PVC. Acabat a triar. Posibilitat d&#8217;adaptar mesures sense cost addicional.<\/li>\n<li>Tots els par\u00e0metres es troben totalment cantejats i sellegats amb cola termofusible a 200 \u00baC.<\/li>\n<li>L&#8217;interior del taulell est\u00e0 compost per aglomerat de part\u00edcules de fusta d&#8217;alta densitat.<\/li>\n<li>Amb 1 estant regulable.<\/li>\n<li><strong>Sense portes.<\/strong><\/li>\n<\/ul>\n<p><span style=\"font-size: 18pt;\">*<\/span> A la fotografia apareixen dos m\u00f2duls amb portes (376\u20ac + IVA)<\/p>\n<p>&nbsp;<\/p>\n<h6><span style=\"font-family: helvetica, arial, sans-serif; color: #520606;\">TRANSPORT I MUNTATGE INCL\u00d2S A MALLORCA<\/span><\/h6>\n<h6><span style=\"font-family: helvetica, arial, sans-serif; color: #520606;\"> 3 ANYS DE GARANTIA<\/span><\/h6>\n","protected":false},"featured_media":3605,"template":"","meta":{"_et_pb_use_builder":"","_et_pb_old_content":"","_et_gb_content_width":"","_joinchat":[]},"product_brand":[],"product_cat":[112,116,101,110],"product_tag":[],"class_list":{"0":"post-4567","1":"product","2":"type-product","3":"status-publish","4":"has-post-thumbnail","6":"product_cat-llibreria-darxius","7":"product_cat-llibreries-doficina","8":"product_cat-mobiliari","9":"product_cat-sistemes-darxius","11":"first","12":"outofstock","13":"taxable","14":"shipping-taxable","15":"purchasable","16":"product-type-simple"},"_links":{"self":[{"href":"https:\/\/infomueble.es\/ca\/wp-json\/wp\/v2\/product\/4567","targetHints":{"allow":["GET"]}}],"collection":[{"href":"https:\/\/infomueble.es\/ca\/wp-json\/wp\/v2\/product"}],"about":[{"href":"https:\/\/infomueble.es\/ca\/wp-json\/wp\/v2\/types\/product"}],"wp:featuredmedia":[{"embeddable":true,"href":"https:\/\/infomueble.es\/ca\/wp-json\/wp\/v2\/media\/3605"}],"wp:attachment":[{"href":"https:\/\/infomueble.es\/ca\/wp-json\/wp\/v2\/media?parent=4567"}],"wp:term":[{"taxonomy":"product_brand","embeddable":true,"href":"https:\/\/infomueble.es\/ca\/wp-json\/wp\/v2\/product_brand?post=4567"},{"taxonomy":"product_cat","embeddable":true,"href":"https:\/\/infomueble.es\/ca\/wp-json\/wp\/v2\/product_cat?post=4567"},{"taxonomy":"product_tag","embeddable":true,"href":"https:\/\/infomueble.es\/ca\/wp-json\/wp\/v2\/product_tag?post=4567"}],"curies":[{"name":"wp","href":"https:\/\/api.w.org\/{rel}","templated":true}]}}