{"id":4589,"date":"2021-08-05T12:51:42","date_gmt":"2021-08-05T10:51:42","guid":{"rendered":"https:\/\/infomueble.es\/producto\/new-light-blanca\/"},"modified":"2021-08-05T12:51:42","modified_gmt":"2021-08-05T10:51:42","slug":"new-light-blanca-2","status":"publish","type":"product","link":"https:\/\/infomueble.es\/ca\/producto\/new-light-blanca-2\/","title":{"rendered":"New Light Blanca"},"content":{"rendered":"","protected":false},"excerpt":{"rendered":"<p><span style=\"font-size: 8pt;\">IVA no incl\u00f2s <\/span><\/p>\n<hr>\n<h4><span style=\"font-family: helvetica, arial, sans-serif;\">CARACTER\u00cdSTIQUES<\/span><\/h4>\n<hr>\n<p>&nbsp;<\/p>\n<ul>\n<li><span style=\"font-family: helvetica, arial, sans-serif; color: #808080;\">Respatller de malla transpirable tensada sobre bastidor perimetral de polipropil\u00e8 blanc.<\/span><\/li>\n<li><span style=\"font-family: helvetica, arial, sans-serif; color: #808080;\">Tensor lumbar regulable en altura i profunditat.<\/span><\/li>\n<li><span style=\"font-family: helvetica, arial, sans-serif; color: #808080;\">Seient sobre interior de polipropil\u00e8 i espuma flexible d&#8217;alta densitat. Carcassa interior de polipropil\u00e8 blanc.<\/span><\/li>\n<li><span style=\"font-family: helvetica, arial, sans-serif; color: #808080;\">Mecanisme sincro autopesant amb trasla. Regula la pressi\u00f3 de forma autom\u00e0tica en funci\u00f3 del pes del usuari.<\/span><\/li>\n<li><span style=\"font-family: helvetica, arial, sans-serif; color: #808080;\">Permet l&#8217;ajustament del grau d&#8217;inclinaci\u00f3 del resptaller i el seient de forma conjunta. Amb quatre posicions de bloqueig anti-retornament.<\/span><\/li>\n<li><span style=\"font-family: helvetica, arial, sans-serif; color: #808080;\">Permet la regulaci\u00f3 horitzontal de la profunditat del seient.<\/span><\/li>\n<li><span style=\"font-family: helvetica, arial, sans-serif; color: #808080;\">Bra\u00e7os de poliamida blanc. Regulables en altura.<\/span><\/li>\n<li><span style=\"font-family: helvetica, arial, sans-serif; color: #808080;\">Regulaci\u00f3 d&#8217;altura mitjan\u00e7ant pist\u00f3 de gas amb amortiguaci\u00f3 a la posici\u00f3 m\u00e9s baixa.<\/span><\/li>\n<li><span style=\"font-family: helvetica, arial, sans-serif; color: #808080;\">Base piramidal de poliamida de 68 cm de di\u00e0metre amb rodes de 50 mm.<\/span><\/li>\n<\/ul>\n<p>&nbsp;<\/p>\n<h6><span style=\"font-family: helvetica, arial, sans-serif; color: #520606;\">TRANSPORT I MUNTATGE INCL\u00d2S A MALLORCA<\/span><\/h6>\n<h6><span style=\"font-family: helvetica, arial, sans-serif; color: #520606;\">3 ANYS DE GARANTIA<\/span><\/h6>\n","protected":false},"featured_media":4273,"template":"","meta":{"_et_pb_use_builder":"","_et_pb_old_content":"","_et_gb_content_width":"","_joinchat":[]},"product_brand":[],"product_cat":[94,177,97],"product_tag":[],"class_list":{"0":"post-4589","1":"product","2":"type-product","3":"status-publish","4":"has-post-thumbnail","6":"product_cat-cadires","7":"product_cat-malla-ca","8":"product_cat-operatives","10":"first","11":"instock","12":"taxable","13":"shipping-taxable","14":"purchasable","15":"product-type-simple"},"_links":{"self":[{"href":"https:\/\/infomueble.es\/ca\/wp-json\/wp\/v2\/product\/4589","targetHints":{"allow":["GET"]}}],"collection":[{"href":"https:\/\/infomueble.es\/ca\/wp-json\/wp\/v2\/product"}],"about":[{"href":"https:\/\/infomueble.es\/ca\/wp-json\/wp\/v2\/types\/product"}],"wp:featuredmedia":[{"embeddable":true,"href":"https:\/\/infomueble.es\/ca\/wp-json\/wp\/v2\/media\/4273"}],"wp:attachment":[{"href":"https:\/\/infomueble.es\/ca\/wp-json\/wp\/v2\/media?parent=4589"}],"wp:term":[{"taxonomy":"product_brand","embeddable":true,"href":"https:\/\/infomueble.es\/ca\/wp-json\/wp\/v2\/product_brand?post=4589"},{"taxonomy":"product_cat","embeddable":true,"href":"https:\/\/infomueble.es\/ca\/wp-json\/wp\/v2\/product_cat?post=4589"},{"taxonomy":"product_tag","embeddable":true,"href":"https:\/\/infomueble.es\/ca\/wp-json\/wp\/v2\/product_tag?post=4589"}],"curies":[{"name":"wp","href":"https:\/\/api.w.org\/{rel}","templated":true}]}}