{"id":4595,"date":"2019-07-23T12:59:23","date_gmt":"2019-07-23T10:59:23","guid":{"rendered":"https:\/\/infomueble.es\/producto\/racer-blanca\/"},"modified":"2024-05-22T11:33:07","modified_gmt":"2024-05-22T09:33:07","slug":"racer-blanca-2","status":"publish","type":"product","link":"https:\/\/infomueble.es\/ca\/producto\/racer-blanca-2\/","title":{"rendered":"Racer Blanca"},"content":{"rendered":"","protected":false},"excerpt":{"rendered":"<p><span style=\"font-size: 8pt;\">IVA no incl\u00f2s <\/span><\/p>\n<p><span style=\"font-size: 18pt; color: #ff6600;\"><strong>CAPSA DE 2 UNITATS<\/strong><\/span><\/p>\n<p><span style=\"font-size: 12pt; color: #ff6600;\">UNITATS SOLTES <strong>+ 30\u20ac<\/strong> + IVA<\/span><\/p>\n<p>&nbsp;<\/p>\n<hr>\n<h4><span style=\"font-family: helvetica, arial, sans-serif; color: #333333;\">CARACTER\u00cdSTIQUES<\/span><\/h4>\n<hr>\n<ul>\n<li><span style=\"font-family: helvetica, arial, sans-serif; color: #808080;\">Entapissat integral en malla d&#8217;alta resist\u00e8ncia de nil\u00f3. Color blanc.<\/span><\/li>\n<li><span style=\"font-family: helvetica, arial, sans-serif; color: #808080;\">Estructura de tub d&#8217;acer ovalat i cromat.<\/span><\/li>\n<li><span style=\"font-family: helvetica, arial, sans-serif; color: #808080;\">Mecanisme basculant. Permet balancejar i fixar. L&#8217;angle entre el seient i el respatller \u00e9s sempre el mateix. El punt de gir est\u00e0 avan\u00e7at i es pot fixar en 4 posicions.<\/span><\/li>\n<li><span style=\"font-family: helvetica, arial, sans-serif; color: #808080;\">Bra\u00e7os de tub d&#8217;acer cromat.<\/span><\/li>\n<li><span style=\"font-family: helvetica, arial, sans-serif; color: #808080;\">Tensor de pressi\u00f3.<\/span><\/li>\n<li><span style=\"font-family: helvetica, arial, sans-serif; color: #808080;\">Regulaci\u00f3 de l&#8217;altura mitjan\u00e7ant pist\u00f3 de gas.<\/span><\/li>\n<li><span style=\"font-family: helvetica, arial, sans-serif; color: #808080;\">Base d&#8217;acer cromat amb 5 radis, de 67 cm de di\u00e0metre.<\/span><\/li>\n<\/ul>\n<h6><span style=\"font-family: helvetica, arial, sans-serif; color: #520606;\">TRANSPORT I MUNTATGE INCL\u00d2S A MALLORCA<\/span><\/h6>\n<h6><span style=\"font-family: helvetica, arial, sans-serif; color: #520606;\">3 ANYS DE GARANTIA<\/span><\/h6>\n","protected":false},"featured_media":3801,"template":"","meta":{"_et_pb_use_builder":"","_et_pb_old_content":"","_et_gb_content_width":"","_joinchat":[]},"product_brand":[],"product_cat":[94,98],"product_tag":[],"class_list":{"0":"post-4595","1":"product","2":"type-product","3":"status-publish","4":"has-post-thumbnail","6":"product_cat-cadires","7":"product_cat-direccio","9":"first","10":"outofstock","11":"taxable","12":"shipping-taxable","13":"purchasable","14":"product-type-simple"},"_links":{"self":[{"href":"https:\/\/infomueble.es\/ca\/wp-json\/wp\/v2\/product\/4595","targetHints":{"allow":["GET"]}}],"collection":[{"href":"https:\/\/infomueble.es\/ca\/wp-json\/wp\/v2\/product"}],"about":[{"href":"https:\/\/infomueble.es\/ca\/wp-json\/wp\/v2\/types\/product"}],"wp:featuredmedia":[{"embeddable":true,"href":"https:\/\/infomueble.es\/ca\/wp-json\/wp\/v2\/media\/3801"}],"wp:attachment":[{"href":"https:\/\/infomueble.es\/ca\/wp-json\/wp\/v2\/media?parent=4595"}],"wp:term":[{"taxonomy":"product_brand","embeddable":true,"href":"https:\/\/infomueble.es\/ca\/wp-json\/wp\/v2\/product_brand?post=4595"},{"taxonomy":"product_cat","embeddable":true,"href":"https:\/\/infomueble.es\/ca\/wp-json\/wp\/v2\/product_cat?post=4595"},{"taxonomy":"product_tag","embeddable":true,"href":"https:\/\/infomueble.es\/ca\/wp-json\/wp\/v2\/product_tag?post=4595"}],"curies":[{"name":"wp","href":"https:\/\/api.w.org\/{rel}","templated":true}]}}