{"id":4620,"date":"2020-08-20T17:34:54","date_gmt":"2020-08-20T15:34:54","guid":{"rendered":"https:\/\/infomueble.es\/producto\/wing\/"},"modified":"2020-08-20T17:34:54","modified_gmt":"2020-08-20T15:34:54","slug":"wing-2","status":"publish","type":"product","link":"https:\/\/infomueble.es\/ca\/producto\/wing-2\/","title":{"rendered":"Wing"},"content":{"rendered":"","protected":false},"excerpt":{"rendered":"<p><span style=\"font-size: 8pt;\">IVA no incl\u00f2s <\/span><\/p>\n<hr>\n<h4><span style=\"font-family: helvetica, arial, sans-serif;\">CARACTER\u00cdSTIQUES<\/span><\/h4>\n<hr>\n<p>&nbsp;<\/p>\n<ul>\n<li><span style=\"color: #808080;\"><span style=\"font-family: helvetica, arial, sans-serif;\">Estructura pat\u00ed tancat fabricat en vareta d&#8217;acer de secci\u00f3 rodona de 12 mm de di\u00e0metre. <\/span>Acabat negre, blanc o cromat.<\/span><\/li>\n<li><span style=\"color: #808080;\">Seient i respatller en carcassa cont\u00ednua entapissats sobre interior de fusta postformada i goma de poli\u00e8ster.<\/span><\/li>\n<li><span style=\"color: #808080;\">Bra\u00e7os met\u00e0l\u00b7lics. Prolongaci\u00f3 de l&#8217;estructura. Amb galeta reposabra\u00e7os de poliamida color negre o blanc.<\/span><\/li>\n<\/ul>\n<p>&nbsp;<\/p>\n<h6><span style=\"font-family: helvetica, arial, sans-serif; color: #520606;\">TRANSPORT I MUNTATGE INCL\u00d2S A MALLORCA<\/span><\/h6>\n<p><span style=\"color: #800000;\">3 ANYS DE GARANTIA<\/span><\/p>\n","protected":false},"featured_media":3909,"template":"","meta":{"_et_pb_use_builder":"","_et_pb_old_content":"","_et_gb_content_width":"","_joinchat":[]},"product_brand":[],"product_cat":[94,181,95],"product_tag":[],"class_list":{"0":"post-4620","1":"product","2":"type-product","3":"status-publish","4":"has-post-thumbnail","6":"product_cat-cadires","7":"product_cat-confident-i-reunions","8":"product_cat-de-reunio-i-polivalent","10":"first","11":"outofstock","12":"taxable","13":"shipping-taxable","14":"purchasable","15":"product-type-simple"},"_links":{"self":[{"href":"https:\/\/infomueble.es\/ca\/wp-json\/wp\/v2\/product\/4620","targetHints":{"allow":["GET"]}}],"collection":[{"href":"https:\/\/infomueble.es\/ca\/wp-json\/wp\/v2\/product"}],"about":[{"href":"https:\/\/infomueble.es\/ca\/wp-json\/wp\/v2\/types\/product"}],"wp:featuredmedia":[{"embeddable":true,"href":"https:\/\/infomueble.es\/ca\/wp-json\/wp\/v2\/media\/3909"}],"wp:attachment":[{"href":"https:\/\/infomueble.es\/ca\/wp-json\/wp\/v2\/media?parent=4620"}],"wp:term":[{"taxonomy":"product_brand","embeddable":true,"href":"https:\/\/infomueble.es\/ca\/wp-json\/wp\/v2\/product_brand?post=4620"},{"taxonomy":"product_cat","embeddable":true,"href":"https:\/\/infomueble.es\/ca\/wp-json\/wp\/v2\/product_cat?post=4620"},{"taxonomy":"product_tag","embeddable":true,"href":"https:\/\/infomueble.es\/ca\/wp-json\/wp\/v2\/product_tag?post=4620"}],"curies":[{"name":"wp","href":"https:\/\/api.w.org\/{rel}","templated":true}]}}