{"id":4624,"date":"2020-08-20T15:16:46","date_gmt":"2020-08-20T13:16:46","guid":{"rendered":"https:\/\/infomueble.es\/producto\/fly-wood\/"},"modified":"2024-04-26T09:33:49","modified_gmt":"2024-04-26T07:33:49","slug":"fly-wood-2","status":"publish","type":"product","link":"https:\/\/infomueble.es\/ca\/producto\/fly-wood-2\/","title":{"rendered":"Fly wood"},"content":{"rendered":"","protected":false},"excerpt":{"rendered":"<p><span style=\"font-size: 8pt;\">IVA no incl\u00f2s <\/span><\/p>\n<hr>\n<h4><span style=\"font-family: helvetica, arial, sans-serif;\">CARACTER\u00cdSTIQUES<\/span><\/h4>\n<hr>\n<p>&nbsp;<\/p>\n<ul>\n<li><span style=\"font-family: helvetica, arial, sans-serif; color: #808080;\"> Estructura met\u00e0l\u00b7lica fixa en pat\u00ed cantilever fabricat amb varilla massissa de 12 mm de di\u00e0metre i pintada en negre o blanc com est\u00e0ndart i altres colors opcionals. Disponible tamb\u00e9 en acabat cromat. Apilable.<\/span><\/li>\n<li><span style=\"color: #808080;\">Seient i respatller monocarcasa de fusta contraxapada posformada ergon\u00f2mica i fulla vista en estratificat de color fusta disponible en to Roure o Roure fosc o xapa natural de faig vernissat. Veta vertical. Cantells vernissats i suaus.<\/span><\/li>\n<\/ul>\n<p>&nbsp;<\/p>\n<h6><span style=\"font-family: helvetica, arial, sans-serif; color: #520606;\">TRANSPORT I MUNTATGE INCL\u00d2S A MALLORCA<\/span><\/h6>\n<h6><span style=\"color: #520606; font-family: helvetica, arial, sans-serif;\">3 ANYS DE GARANTIA<\/span><\/h6>\n","protected":false},"featured_media":5284,"template":"","meta":{"_et_pb_use_builder":"","_et_pb_old_content":"","_et_gb_content_width":"","_joinchat":[]},"product_brand":[],"product_cat":[94,181,95],"product_tag":[],"class_list":{"0":"post-4624","1":"product","2":"type-product","3":"status-publish","4":"has-post-thumbnail","6":"product_cat-cadires","7":"product_cat-confident-i-reunions","8":"product_cat-de-reunio-i-polivalent","10":"first","11":"outofstock","12":"taxable","13":"shipping-taxable","14":"purchasable","15":"product-type-simple"},"_links":{"self":[{"href":"https:\/\/infomueble.es\/ca\/wp-json\/wp\/v2\/product\/4624","targetHints":{"allow":["GET"]}}],"collection":[{"href":"https:\/\/infomueble.es\/ca\/wp-json\/wp\/v2\/product"}],"about":[{"href":"https:\/\/infomueble.es\/ca\/wp-json\/wp\/v2\/types\/product"}],"wp:featuredmedia":[{"embeddable":true,"href":"https:\/\/infomueble.es\/ca\/wp-json\/wp\/v2\/media\/5284"}],"wp:attachment":[{"href":"https:\/\/infomueble.es\/ca\/wp-json\/wp\/v2\/media?parent=4624"}],"wp:term":[{"taxonomy":"product_brand","embeddable":true,"href":"https:\/\/infomueble.es\/ca\/wp-json\/wp\/v2\/product_brand?post=4624"},{"taxonomy":"product_cat","embeddable":true,"href":"https:\/\/infomueble.es\/ca\/wp-json\/wp\/v2\/product_cat?post=4624"},{"taxonomy":"product_tag","embeddable":true,"href":"https:\/\/infomueble.es\/ca\/wp-json\/wp\/v2\/product_tag?post=4624"}],"curies":[{"name":"wp","href":"https:\/\/api.w.org\/{rel}","templated":true}]}}