{"id":4632,"date":"2019-06-17T13:23:19","date_gmt":"2019-06-17T11:23:19","guid":{"rendered":"https:\/\/infomueble.es\/producto\/reload\/"},"modified":"2019-06-17T13:23:19","modified_gmt":"2019-06-17T11:23:19","slug":"reload-2","status":"publish","type":"product","link":"https:\/\/infomueble.es\/ca\/producto\/reload-2\/","title":{"rendered":"Reload"},"content":{"rendered":"","protected":false},"excerpt":{"rendered":"<p>IVA no incl\u00f2s<\/p>\n<hr>\n<h4><span style=\"font-family: helvetica, arial, sans-serif;\">CARACTER\u00cdSTIQUES<\/span><\/h4>\n<hr>\n<p>&nbsp;<\/p>\n<ul>\n<li><span style=\"font-family: helvetica, arial, sans-serif; color: #808080;\">Estructura injecci\u00f3 pl\u00e0stica de polipropil\u00e8, 100% reciclable.<\/span><\/li>\n<li><span style=\"color: #808080;\">Respatller de malla acr\u00edlica de nil\u00f3.<\/span><\/li>\n<li><span style=\"color: #808080;\">Seient d&#8217;injecci\u00f3 pl\u00e0stica de polipropil\u00e8, 100% reciclable. Amb panell interior de polipropil\u00e8 amb escuma flexible de poliuret\u00e0 d&#8217;alta densitat, dura de 30 kg\/m\u00b3.<\/span><\/li>\n<\/ul>\n<h6><span style=\"font-family: helvetica, arial, sans-serif; color: #520606;\">TRANSPORT I MUNTATGE INCL\u00d2S A MALLORCA<\/span><\/h6>\n<h6><span style=\"font-family: helvetica, arial, sans-serif; color: #520606;\">3 ANYS DE GARANTIA<\/span><\/h6>\n","protected":false},"featured_media":4155,"template":"","meta":{"_et_pb_use_builder":"","_et_pb_old_content":"","_et_gb_content_width":"","_joinchat":[]},"product_brand":[],"product_cat":[94,95],"product_tag":[],"class_list":{"0":"post-4632","1":"product","2":"type-product","3":"status-publish","4":"has-post-thumbnail","6":"product_cat-cadires","7":"product_cat-de-reunio-i-polivalent","9":"first","10":"instock","11":"taxable","12":"shipping-taxable","13":"purchasable","14":"product-type-simple"},"_links":{"self":[{"href":"https:\/\/infomueble.es\/ca\/wp-json\/wp\/v2\/product\/4632","targetHints":{"allow":["GET"]}}],"collection":[{"href":"https:\/\/infomueble.es\/ca\/wp-json\/wp\/v2\/product"}],"about":[{"href":"https:\/\/infomueble.es\/ca\/wp-json\/wp\/v2\/types\/product"}],"wp:featuredmedia":[{"embeddable":true,"href":"https:\/\/infomueble.es\/ca\/wp-json\/wp\/v2\/media\/4155"}],"wp:attachment":[{"href":"https:\/\/infomueble.es\/ca\/wp-json\/wp\/v2\/media?parent=4632"}],"wp:term":[{"taxonomy":"product_brand","embeddable":true,"href":"https:\/\/infomueble.es\/ca\/wp-json\/wp\/v2\/product_brand?post=4632"},{"taxonomy":"product_cat","embeddable":true,"href":"https:\/\/infomueble.es\/ca\/wp-json\/wp\/v2\/product_cat?post=4632"},{"taxonomy":"product_tag","embeddable":true,"href":"https:\/\/infomueble.es\/ca\/wp-json\/wp\/v2\/product_tag?post=4632"}],"curies":[{"name":"wp","href":"https:\/\/api.w.org\/{rel}","templated":true}]}}