{"id":4875,"date":"2023-06-20T09:50:08","date_gmt":"2023-06-20T07:50:08","guid":{"rendered":"https:\/\/infomueble.es\/producto\/spacio\/"},"modified":"2023-07-17T14:08:59","modified_gmt":"2023-07-17T12:08:59","slug":"spacio","status":"publish","type":"product","link":"https:\/\/infomueble.es\/ca\/producto\/spacio\/","title":{"rendered":"Spacio"},"content":{"rendered":"","protected":false},"excerpt":{"rendered":"<p><span style=\"font-size: 8pt;\">IVA no incl\u00f2s <\/span><\/p>\n<hr>\n<h4><span style=\"font-family: helvetica, arial, sans-serif;\">CARACTER\u00cdSTIQUES<\/span><\/h4>\n<hr>\n<p>&nbsp;<\/p>\n<ul>\n<li><span style=\"font-family: helvetica, arial, sans-serif; color: #808080;\"><span style=\"color: #808080; font-family: helvetica, arial, sans-serif;\">Estructura apilable fabricada en tub rod\u00f3 d&#8217;acer de 4 potes amb topalls de poliamida en color negre.<\/span><\/span><\/li>\n<li><span style=\"font-family: helvetica, arial, sans-serif; color: #808080;\">Incorpora bra\u00e7os en la pr\u00f2pia estructura. Dotats de reposabra\u00e7os de poliamida en color negre.<\/span><\/li>\n<li><span style=\"font-family: helvetica, arial, sans-serif; color: #808080;\">Seient i respatller ergon\u00f2mics inserits en l&#8217;estructura met\u00e0l\u00b7lica i units entre si per aquesta, amb formes corbes i arrodonides. Fabricat en polipropil\u00e8 negre, blanc, gris, beix o vermell.<\/span><\/li>\n<\/ul>\n<p><img decoding=\"async\" class=\"alignnone wp-image-5077\" src=\"https:\/\/infomueble.es\/wp-content\/uploads\/2023\/06\/BLANCO-300x300.png\" alt=\"\" width=\"80\" height=\"80\"> <img decoding=\"async\" class=\"alignnone wp-image-5081\" src=\"https:\/\/infomueble.es\/wp-content\/uploads\/2023\/06\/NEGRO-300x300.jpg\" alt=\"\" width=\"80\" height=\"80\"> <img decoding=\"async\" class=\"alignnone wp-image-5079\" src=\"https:\/\/infomueble.es\/wp-content\/uploads\/2023\/06\/GRIS-300x300.jpg\" alt=\"\" width=\"80\" height=\"80\"> <img decoding=\"async\" class=\"alignnone wp-image-5075\" src=\"https:\/\/infomueble.es\/wp-content\/uploads\/2023\/06\/BEIGE-300x300.jpg\" alt=\"\" width=\"80\" height=\"80\"> <img decoding=\"async\" class=\"alignnone wp-image-5083\" src=\"https:\/\/infomueble.es\/wp-content\/uploads\/2023\/06\/ROJO-300x300.png\" alt=\"\" width=\"80\" height=\"80\"><\/p>\n<h6><span style=\"font-family: helvetica, arial, sans-serif; color: #520606;\">TRANSPORT I MUNTATGE INCL\u00d2S A MALLORCA<\/span><\/h6>\n<h6><span style=\"font-family: helvetica, arial, sans-serif; color: #520606;\">3 ANYS DE GARANTIA<\/span><\/h6>\n","protected":false},"featured_media":4874,"template":"","meta":{"_et_pb_use_builder":"","_et_pb_old_content":"","_et_gb_content_width":"","_joinchat":[]},"product_brand":[],"product_cat":[94,95,179,180],"product_tag":[],"class_list":{"0":"post-4875","1":"product","2":"type-product","3":"status-publish","4":"has-post-thumbnail","6":"product_cat-cadires","7":"product_cat-de-reunio-i-polivalent","8":"product_cat-essencial","9":"product_cat-multifuncio","11":"first","12":"outofstock","13":"taxable","14":"shipping-taxable","15":"purchasable","16":"product-type-simple"},"_links":{"self":[{"href":"https:\/\/infomueble.es\/ca\/wp-json\/wp\/v2\/product\/4875","targetHints":{"allow":["GET"]}}],"collection":[{"href":"https:\/\/infomueble.es\/ca\/wp-json\/wp\/v2\/product"}],"about":[{"href":"https:\/\/infomueble.es\/ca\/wp-json\/wp\/v2\/types\/product"}],"wp:featuredmedia":[{"embeddable":true,"href":"https:\/\/infomueble.es\/ca\/wp-json\/wp\/v2\/media\/4874"}],"wp:attachment":[{"href":"https:\/\/infomueble.es\/ca\/wp-json\/wp\/v2\/media?parent=4875"}],"wp:term":[{"taxonomy":"product_brand","embeddable":true,"href":"https:\/\/infomueble.es\/ca\/wp-json\/wp\/v2\/product_brand?post=4875"},{"taxonomy":"product_cat","embeddable":true,"href":"https:\/\/infomueble.es\/ca\/wp-json\/wp\/v2\/product_cat?post=4875"},{"taxonomy":"product_tag","embeddable":true,"href":"https:\/\/infomueble.es\/ca\/wp-json\/wp\/v2\/product_tag?post=4875"}],"curies":[{"name":"wp","href":"https:\/\/api.w.org\/{rel}","templated":true}]}}