{"id":4918,"date":"2023-06-27T12:04:54","date_gmt":"2023-06-27T10:04:54","guid":{"rendered":"https:\/\/infomueble.es\/producto\/sheru\/"},"modified":"2023-06-27T12:55:24","modified_gmt":"2023-06-27T10:55:24","slug":"sheru","status":"publish","type":"product","link":"https:\/\/infomueble.es\/ca\/producto\/sheru\/","title":{"rendered":"Sheru Alta"},"content":{"rendered":"","protected":false},"excerpt":{"rendered":"<p><span style=\"font-size: 8pt;\">IVA no incl\u00f2s <\/span><\/p>\n<hr>\n<h4><span style=\"font-family: helvetica, arial, sans-serif;\">CARACTER\u00cdSTIQUES<\/span><\/h4>\n<hr>\n<p>&nbsp;<\/p>\n<ul>\n<li><span style=\"font-family: helvetica, arial, sans-serif; color: #808080;\">Seient farcit d&#8217;espuma flexible, entapissat en gran varietat de teles. Amb carcassa inferior del seient entapissada. Inclou bra\u00e7os entapissats en una sola pe\u00e7a amb el seient.<\/span><\/li>\n<li><span style=\"font-family: helvetica, arial, sans-serif; color: #808080;\">Suport alt entapissat amb forma envolupant i lleuger volum lumbar i posterior completament entapissada i rematada amb cremallera oculta. Regulable en altura mitjan\u00e7ant cremallera multiposici\u00f3 (up-down).<\/span><\/li>\n<li><span style=\"font-family: helvetica, arial, sans-serif; color: #808080;\">Mecanisme sincro autopesant, amb regulaci\u00f3 sincronitzada de la inclinaci\u00f3 del seient i respatller que permet respatller regulable en inclinaci\u00f3 amb bloqueig en 4 posicions, amb contacte permament i sistema antirretornament. Regulaci\u00f3 autom\u00e0tica de la tensi\u00f3 en funci\u00f3 del pes de l&#8217;usuari.<\/span><\/li>\n<li><span style=\"font-family: helvetica, arial, sans-serif; color: #808080;\">Base de poliamida negra de 68 cm de di\u00e0metre amb rodes de 50 mm de di\u00e0metre.<\/span><\/li>\n<\/ul>\n<p>&nbsp;<\/p>\n<p>&nbsp;<\/p>\n<h6><span style=\"font-family: helvetica, arial, sans-serif; color: #520606;\">TRANSPORT I MUNTATGE INCL\u00d2S A MALLORCA<\/span><\/h6>\n<h6><span style=\"font-family: helvetica, arial, sans-serif; color: #520606;\">3 ANYS DE GARANTIA<\/span><\/h6>\n","protected":false},"featured_media":4909,"template":"","meta":{"_et_pb_use_builder":"","_et_pb_old_content":"","_et_gb_content_width":"","_joinchat":[]},"product_brand":[],"product_cat":[94,98,178,97],"product_tag":[],"class_list":{"0":"post-4918","1":"product","2":"type-product","3":"status-publish","4":"has-post-thumbnail","6":"product_cat-cadires","7":"product_cat-direccio","8":"product_cat-entapissades","9":"product_cat-operatives","11":"first","12":"outofstock","13":"taxable","14":"shipping-taxable","15":"purchasable","16":"product-type-simple"},"_links":{"self":[{"href":"https:\/\/infomueble.es\/ca\/wp-json\/wp\/v2\/product\/4918","targetHints":{"allow":["GET"]}}],"collection":[{"href":"https:\/\/infomueble.es\/ca\/wp-json\/wp\/v2\/product"}],"about":[{"href":"https:\/\/infomueble.es\/ca\/wp-json\/wp\/v2\/types\/product"}],"wp:featuredmedia":[{"embeddable":true,"href":"https:\/\/infomueble.es\/ca\/wp-json\/wp\/v2\/media\/4909"}],"wp:attachment":[{"href":"https:\/\/infomueble.es\/ca\/wp-json\/wp\/v2\/media?parent=4918"}],"wp:term":[{"taxonomy":"product_brand","embeddable":true,"href":"https:\/\/infomueble.es\/ca\/wp-json\/wp\/v2\/product_brand?post=4918"},{"taxonomy":"product_cat","embeddable":true,"href":"https:\/\/infomueble.es\/ca\/wp-json\/wp\/v2\/product_cat?post=4918"},{"taxonomy":"product_tag","embeddable":true,"href":"https:\/\/infomueble.es\/ca\/wp-json\/wp\/v2\/product_tag?post=4918"}],"curies":[{"name":"wp","href":"https:\/\/api.w.org\/{rel}","templated":true}]}}