{"id":5129,"date":"2023-07-27T12:43:30","date_gmt":"2023-07-27T10:43:30","guid":{"rendered":"https:\/\/infomueble.es\/producto\/mostrador-a-mida\/"},"modified":"2023-09-19T14:12:44","modified_gmt":"2023-09-19T12:12:44","slug":"mostrador-a-mida","status":"publish","type":"product","link":"https:\/\/infomueble.es\/ca\/producto\/mostrador-a-mida\/","title":{"rendered":"Mostrador a mida"},"content":{"rendered":"","protected":false},"excerpt":{"rendered":"<p><span style=\"font-family: helvetica, arial, sans-serif; color: #808080;\">Mostrador a mida amb possibilitat d&#8217;emprar tots els acabats i mides. Fabricat en melamina.<\/span><\/p>\n<p><span style=\"color: #808080;\">Realitzaci\u00f3 pr\u00f2pia de pl\u00e0nols, sense cost, del mostrador a mida o pressupost a partir del pl\u00e0nol ja presentat.<\/span><\/p>\n<p>&nbsp;<\/p>\n<p style=\"text-align: center;\"><span style=\"font-family: helvetica, arial, sans-serif; color: #ff6600; font-size: 14pt;\"><strong>Sol\u00b7liciti pressupost sense cost <\/strong><\/span><\/p>\n<p style=\"text-align: center;\"><span style=\"font-family: helvetica, arial, sans-serif; color: #ff6600; font-size: 14pt;\"><strong>i sense comprom\u00eds<\/strong><\/span><\/p>\n","protected":false},"featured_media":5136,"template":"","meta":{"_et_pb_use_builder":"","_et_pb_old_content":"","_et_gb_content_width":"","_joinchat":[]},"product_brand":[],"product_cat":[115],"product_tag":[],"class_list":{"0":"post-5129","1":"product","2":"type-product","3":"status-publish","4":"has-post-thumbnail","6":"product_cat-taulells-i-recepcions","8":"first","9":"outofstock","10":"taxable","11":"shipping-taxable","12":"product-type-simple"},"_links":{"self":[{"href":"https:\/\/infomueble.es\/ca\/wp-json\/wp\/v2\/product\/5129","targetHints":{"allow":["GET"]}}],"collection":[{"href":"https:\/\/infomueble.es\/ca\/wp-json\/wp\/v2\/product"}],"about":[{"href":"https:\/\/infomueble.es\/ca\/wp-json\/wp\/v2\/types\/product"}],"wp:featuredmedia":[{"embeddable":true,"href":"https:\/\/infomueble.es\/ca\/wp-json\/wp\/v2\/media\/5136"}],"wp:attachment":[{"href":"https:\/\/infomueble.es\/ca\/wp-json\/wp\/v2\/media?parent=5129"}],"wp:term":[{"taxonomy":"product_brand","embeddable":true,"href":"https:\/\/infomueble.es\/ca\/wp-json\/wp\/v2\/product_brand?post=5129"},{"taxonomy":"product_cat","embeddable":true,"href":"https:\/\/infomueble.es\/ca\/wp-json\/wp\/v2\/product_cat?post=5129"},{"taxonomy":"product_tag","embeddable":true,"href":"https:\/\/infomueble.es\/ca\/wp-json\/wp\/v2\/product_tag?post=5129"}],"curies":[{"name":"wp","href":"https:\/\/api.w.org\/{rel}","templated":true}]}}