{"id":5141,"date":"2023-10-09T09:06:11","date_gmt":"2023-10-09T07:06:11","guid":{"rendered":"https:\/\/infomueble.es\/producto\/comfort-blanca\/"},"modified":"2023-10-09T09:06:11","modified_gmt":"2023-10-09T07:06:11","slug":"comfort-blanca","status":"publish","type":"product","link":"https:\/\/infomueble.es\/ca\/producto\/comfort-blanca\/","title":{"rendered":"Comfort Blanca"},"content":{"rendered":"","protected":false},"excerpt":{"rendered":"<p><span style=\"font-size: 8pt;\">IVA no incl\u00f2s <\/span><\/p>\n<hr>\n<h4><span style=\"font-family: helvetica, arial, sans-serif;\">CARACTER\u00cdSTIQUES<\/span><\/h4>\n<hr>\n<p>&nbsp;<\/p>\n<ul>\n<li><span style=\"font-family: helvetica, arial, sans-serif; color: #808080;\"> Respatller entapissat en malla ultra-resistent 3D blanca, amb suport lumbar regulable en altura.<\/span><\/li>\n<li><span style=\"color: #808080; font-family: helvetica, arial, sans-serif;\">Seient embuatat en poliuret\u00e0 d&#8217;alta densitat, entapissat en gran varietat d&#8217;entapissats.<\/span><\/li>\n<li><span style=\"font-family: helvetica, arial, sans-serif; color: #808080;\">Mecanisme sincro 4 posicions. Moviment de seient i respatller sincronitzat. Disposa de tres punts d&#8217;ancoratge, amb palanca \u00fanica dreta; amb moviment lateral activem el mecanisme i prement cap amunt es regula l&#8217;altura del seient.<\/span><\/li>\n<li><span style=\"font-family: helvetica, arial, sans-serif; color: #808080;\">Bra\u00e7os de poliamida blanc amb reposabra\u00e7os negres regulables en altura.<\/span><\/li>\n<li><span style=\"font-family: helvetica, arial, sans-serif; color: #808080;\">Base plana de nil\u00f3 blanc de 68 cm de di\u00e0metre amb rodes de 50 mm de di\u00e0metre de rodadura tova aptes per a totes les superf\u00edcies.<\/span><\/li>\n<\/ul>\n<p>&nbsp;<\/p>\n<h6><span style=\"font-family: helvetica, arial, sans-serif; color: #520606;\">TRANSPORT I MUNTATGE INCL\u00d2S A MALLORCA<\/span><\/h6>\n<h6><span style=\"font-family: helvetica, arial, sans-serif; color: #520606;\">3 ANYS DE GARANTIA<\/span><\/h6>\n","protected":false},"featured_media":5140,"template":"","meta":{"_et_pb_use_builder":"","_et_pb_old_content":"","_et_gb_content_width":"","_joinchat":[]},"product_brand":[],"product_cat":[94,177,97],"product_tag":[],"class_list":{"0":"post-5141","1":"product","2":"type-product","3":"status-publish","4":"has-post-thumbnail","6":"product_cat-cadires","7":"product_cat-malla-ca","8":"product_cat-operatives","10":"first","11":"outofstock","12":"taxable","13":"shipping-taxable","14":"purchasable","15":"product-type-simple"},"_links":{"self":[{"href":"https:\/\/infomueble.es\/ca\/wp-json\/wp\/v2\/product\/5141","targetHints":{"allow":["GET"]}}],"collection":[{"href":"https:\/\/infomueble.es\/ca\/wp-json\/wp\/v2\/product"}],"about":[{"href":"https:\/\/infomueble.es\/ca\/wp-json\/wp\/v2\/types\/product"}],"wp:featuredmedia":[{"embeddable":true,"href":"https:\/\/infomueble.es\/ca\/wp-json\/wp\/v2\/media\/5140"}],"wp:attachment":[{"href":"https:\/\/infomueble.es\/ca\/wp-json\/wp\/v2\/media?parent=5141"}],"wp:term":[{"taxonomy":"product_brand","embeddable":true,"href":"https:\/\/infomueble.es\/ca\/wp-json\/wp\/v2\/product_brand?post=5141"},{"taxonomy":"product_cat","embeddable":true,"href":"https:\/\/infomueble.es\/ca\/wp-json\/wp\/v2\/product_cat?post=5141"},{"taxonomy":"product_tag","embeddable":true,"href":"https:\/\/infomueble.es\/ca\/wp-json\/wp\/v2\/product_tag?post=5141"}],"curies":[{"name":"wp","href":"https:\/\/api.w.org\/{rel}","templated":true}]}}