{"id":5161,"date":"2023-11-23T09:00:21","date_gmt":"2023-11-23T08:00:21","guid":{"rendered":"https:\/\/infomueble.es\/producto\/despatx-icaro-elevable\/"},"modified":"2023-11-23T09:00:21","modified_gmt":"2023-11-23T08:00:21","slug":"despatx-icaro-elevable","status":"publish","type":"product","link":"https:\/\/infomueble.es\/ca\/producto\/despatx-icaro-elevable\/","title":{"rendered":"Despatx Icaro Elevable"},"content":{"rendered":"","protected":false},"excerpt":{"rendered":"<p><span style=\"font-size: 8pt;\">IVA no incl\u00f2s <\/span><\/p>\n<p><strong><span style=\"font-size: 18pt; color: #ff6600;\">OFERTA RETIRADA EXPOSICI\u00d3! 50% DE DESCOMPTE<\/span><\/strong><\/p>\n<hr>\n<h4><span style=\"font-family: helvetica, arial, sans-serif; color: #333333;\">CARACTER\u00cdSTIQUES<\/span><\/h4>\n<hr>\n<ul>\n<li><span style=\"color: #808080; font-family: helvetica, arial, sans-serif;\"><span style=\"font-size: 14pt; color: #800000;\"><strong>Taula<\/strong><\/span><strong><span style=\"font-size: 14pt; color: #800000;\">:<\/span><\/strong> 180 x 80 x 74 cm. Bimelaminat de 30 mm, cantejat en PVC. Acabat Blanco Soft III.<\/span><\/li>\n<li><span style=\"color: #808080; font-family: helvetica, arial, sans-serif;\"><strong>Estructura : <\/strong>Elevable. Amb sistema de motor que permet l&#8217;ajustament de l&#8217;altura de forma suau mitjan\u00e7ant comandament de dos botons. Amb software de protecci\u00f3 que detecta autom\u00e0ticament errors. Amb nivelladors de s\u00f2l.<\/span><\/li>\n<li><span style=\"color: #808080; font-family: helvetica, arial, sans-serif;\"><strong>Altura m\u00ednima :<\/strong> 760 mm. <strong>Altura m\u00e0xima :<\/strong> 1240 mm. <strong>C\u00e0rrega m\u00e0xima :<\/strong> 80 kg.<\/span><\/li>\n<\/ul>\n<p>&nbsp;<\/p>\n<ul>\n<li><span style=\"color: #808080; font-family: helvetica, arial, sans-serif;\"><strong><span style=\"font-size: 14pt; color: #800000;\">Llibreria<\/span>:<\/strong> 180 x 64 x 58 cm. Bimelaminat de 19 mm, cantejat en PVC. Acabat Antracita. Inclou passacable instal\u00b7lat al cant\u00f3 inferior esquerre per integrar monitor al seu interior. Joc de portes correderes amb interior d&#8217;estants i calaixera a la dreta de 3 calaixos, amb pany.<\/span><\/li>\n<\/ul>\n<p>&nbsp;<\/p>\n<ul>\n<li><span style=\"color: #808080; font-family: helvetica, arial, sans-serif;\">Tots els par\u00e0metres es troben totalment cantejats i sellegats amb cola termofusible a 200 \u00baC.<\/span><\/li>\n<li><span style=\"color: #808080; font-family: helvetica, arial, sans-serif;\">L&#8217;interior del taulell est\u00e0 compost per aglomerat de part\u00edcules de fusta d&#8217;alta densitat.<\/span><\/li>\n<\/ul>\n<p>&nbsp;<\/p>\n<h6><span style=\"font-family: helvetica, arial, sans-serif; color: #520606;\">TRANSPORT I MUNTATGE INCL\u00d2S A MALLORCA<\/span><\/h6>\n<h6><span style=\"font-family: helvetica, arial, sans-serif; color: #520606;\"> 3 ANYS DE GARANTIA<\/span><\/h6>\n","protected":false},"featured_media":5164,"template":"","meta":{"_et_pb_use_builder":"","_et_pb_old_content":"","_et_gb_content_width":"","_joinchat":[]},"product_brand":[],"product_cat":[109,100,155,161],"product_tag":[],"class_list":{"0":"post-5161","1":"product","2":"type-product","3":"status-publish","4":"has-post-thumbnail","6":"product_cat-ofertes-despatx-complet","7":"product_cat-taules","8":"product_cat-taules-elevables","9":"product_cat-taules-i-despatxos-de-direccio","11":"first","12":"instock","13":"sale","14":"taxable","15":"shipping-taxable","16":"purchasable","17":"product-type-simple"},"_links":{"self":[{"href":"https:\/\/infomueble.es\/ca\/wp-json\/wp\/v2\/product\/5161","targetHints":{"allow":["GET"]}}],"collection":[{"href":"https:\/\/infomueble.es\/ca\/wp-json\/wp\/v2\/product"}],"about":[{"href":"https:\/\/infomueble.es\/ca\/wp-json\/wp\/v2\/types\/product"}],"wp:featuredmedia":[{"embeddable":true,"href":"https:\/\/infomueble.es\/ca\/wp-json\/wp\/v2\/media\/5164"}],"wp:attachment":[{"href":"https:\/\/infomueble.es\/ca\/wp-json\/wp\/v2\/media?parent=5161"}],"wp:term":[{"taxonomy":"product_brand","embeddable":true,"href":"https:\/\/infomueble.es\/ca\/wp-json\/wp\/v2\/product_brand?post=5161"},{"taxonomy":"product_cat","embeddable":true,"href":"https:\/\/infomueble.es\/ca\/wp-json\/wp\/v2\/product_cat?post=5161"},{"taxonomy":"product_tag","embeddable":true,"href":"https:\/\/infomueble.es\/ca\/wp-json\/wp\/v2\/product_tag?post=5161"}],"curies":[{"name":"wp","href":"https:\/\/api.w.org\/{rel}","templated":true}]}}