{"id":5183,"date":"2023-12-05T15:16:46","date_gmt":"2023-12-05T14:16:46","guid":{"rendered":"https:\/\/infomueble.es\/producto\/aita\/"},"modified":"2023-12-05T15:16:46","modified_gmt":"2023-12-05T14:16:46","slug":"aita","status":"publish","type":"product","link":"https:\/\/infomueble.es\/ca\/producto\/aita\/","title":{"rendered":"Aita"},"content":{"rendered":"","protected":false},"excerpt":{"rendered":"<p><span style=\"font-size: 8pt;\">IVA no incl\u00f2s <\/span><\/p>\n<hr>\n<h4><span style=\"font-family: helvetica, arial, sans-serif;\">CARACTER\u00cdSTIQUES<\/span><\/h4>\n<hr>\n<p>&nbsp;<\/p>\n<ul>\n<li><span style=\"color: #808080; font-family: helvetica, arial, sans-serif;\">Seient amb bra\u00e7os en la pr\u00f2pia estructura i respatller entapissat, amb interior d&#8217;escuma ign\u00edfuga de poliuret\u00e0 expandit d&#8217;alta densitat.<\/span><\/li>\n<li><span style=\"color: #808080; font-family: helvetica, arial, sans-serif;\">Reposacaps fix amb interior fabricat mitjan\u00e7ant estructura de tub d&#8217;acer, recoberta d&#8217;escuma ign\u00edfuga d&#8217;alta densitat.<\/span><\/li>\n<li><span style=\"font-family: helvetica, arial, sans-serif; color: #808080;\">Mecanisme basculant avan\u00e7at. T\u00e9 l&#8217;eix de gir despla\u00e7at cap endavant, la qual cosa provoca que en alliberar el mecanisme, no perdem la posici\u00f3 dels peus sobre el s\u00f2l.<\/span><\/li>\n<li><span style=\"font-family: helvetica, arial, sans-serif; color: #808080;\">Disposa de les seg\u00fcents caracter\u00edstiques:<\/span>\n<ul>\n<li><span style=\"font-family: helvetica, arial, sans-serif; color: #808080;\">Ajust lateral de la tensi\u00f3 amb nom\u00e9s 16 voltes de m\u00ednim a m\u00e0xim.<\/span><\/li>\n<li><span style=\"font-family: helvetica, arial, sans-serif; color: #808080;\">5 posicions de bloqueig amb funci\u00f3 antiretorn.<\/span><\/li>\n<li><span style=\"font-family: helvetica, arial, sans-serif; color: #808080;\">Moviment extremadament fluid i ergon\u00f2mic.<\/span><\/li>\n<\/ul>\n<\/li>\n<li><span style=\"font-family: helvetica, arial, sans-serif; color: #808080;\">Elevaci\u00f3 mitjan\u00e7ant columna de gas.<\/span><\/li>\n<li><span style=\"font-family: helvetica, arial, sans-serif; color: #808080;\">Base d&#8217;alumini polit de 70 cm de di\u00e0metre, amb rodes dobles engomades de nilons buides de 65 mm de di\u00e0metre.<\/span><\/li>\n<li><span style=\"font-family: helvetica, arial, sans-serif; color: #808080;\">Bra\u00e7os fixos en injecci\u00f3 d&#8217;alumini.<\/span><\/li>\n<\/ul>\n<p>&nbsp;<\/p>\n<h6><span style=\"font-family: helvetica, arial, sans-serif; color: #520606;\">TRANSPORT I MUNTATGE INCL\u00d2S A MALLORCA<\/span><\/h6>\n<h6><span style=\"font-family: helvetica, arial, sans-serif; color: #520606;\">3 ANYS DE GARANTIA<\/span><\/h6>\n","protected":false},"featured_media":5176,"template":"","meta":{"_et_pb_use_builder":"","_et_pb_old_content":"","_et_gb_content_width":"","_joinchat":[]},"product_brand":[],"product_cat":[94,98],"product_tag":[],"class_list":{"0":"post-5183","1":"product","2":"type-product","3":"status-publish","4":"has-post-thumbnail","6":"product_cat-cadires","7":"product_cat-direccio","9":"first","10":"outofstock","11":"taxable","12":"shipping-taxable","13":"purchasable","14":"product-type-simple"},"_links":{"self":[{"href":"https:\/\/infomueble.es\/ca\/wp-json\/wp\/v2\/product\/5183","targetHints":{"allow":["GET"]}}],"collection":[{"href":"https:\/\/infomueble.es\/ca\/wp-json\/wp\/v2\/product"}],"about":[{"href":"https:\/\/infomueble.es\/ca\/wp-json\/wp\/v2\/types\/product"}],"wp:featuredmedia":[{"embeddable":true,"href":"https:\/\/infomueble.es\/ca\/wp-json\/wp\/v2\/media\/5176"}],"wp:attachment":[{"href":"https:\/\/infomueble.es\/ca\/wp-json\/wp\/v2\/media?parent=5183"}],"wp:term":[{"taxonomy":"product_brand","embeddable":true,"href":"https:\/\/infomueble.es\/ca\/wp-json\/wp\/v2\/product_brand?post=5183"},{"taxonomy":"product_cat","embeddable":true,"href":"https:\/\/infomueble.es\/ca\/wp-json\/wp\/v2\/product_cat?post=5183"},{"taxonomy":"product_tag","embeddable":true,"href":"https:\/\/infomueble.es\/ca\/wp-json\/wp\/v2\/product_tag?post=5183"}],"curies":[{"name":"wp","href":"https:\/\/api.w.org\/{rel}","templated":true}]}}