{"id":6356,"date":"2025-02-07T15:02:47","date_gmt":"2025-02-07T14:02:47","guid":{"rendered":"https:\/\/infomueble.es\/producto\/aitana-entapissada\/"},"modified":"2025-02-07T15:45:33","modified_gmt":"2025-02-07T14:45:33","slug":"aitana-entapissada","status":"publish","type":"product","link":"https:\/\/infomueble.es\/ca\/producto\/aitana-entapissada\/","title":{"rendered":"Aitana entapissada"},"content":{"rendered":"","protected":false},"excerpt":{"rendered":"<p><span style=\"font-size: 8pt;\">IVA no incl\u00f2s <\/span><\/p>\n<hr>\n<h4><span style=\"font-family: helvetica, arial, sans-serif;\">CARACTER\u00cdSTIQUES<\/span><\/h4>\n<hr>\n<p>&nbsp;<\/p>\n<ul>\n<li><span style=\"font-family: helvetica, arial, sans-serif; color: #808080;\">Seient monocarcassa entapissat, amb interior compost d&#8217;una carcassa fabricada de polipropil\u00e8 reutilitzat i reciclatge. Farciment d&#8217;escuma flexible de poliuret\u00e0 d&#8217;alta densitat. <\/span><\/li>\n<li><span style=\"font-family: helvetica, arial, sans-serif; color: #808080;\">Estructura met\u00e0l\u00b7lica de 4 potes amb bra\u00e7os incorporats a la pr\u00f2pia estructura, fabricada en tubo d&#8217;acer rod\u00f3, pintada amb epoxi blanc, negre, grafit, arena o blau. Amb taps antilliscants de nil\u00f3.<\/span><\/li>\n<\/ul>\n<p><img decoding=\"async\" class=\"alignnone size-medium wp-image-4962\" src=\"https:\/\/infomueble.es\/wp-content\/uploads\/2023\/07\/COLORES-AITANA-300x50.png\" alt=\"\" width=\"300\" height=\"50\"><\/p>\n<p>&nbsp;<\/p>\n<p>&nbsp;<\/p>\n<h6><span style=\"font-family: helvetica, arial, sans-serif; color: #520606;\">TRANSPORT I MUNTATGE INCL\u00d2S A MALLORCA<\/span><\/h6>\n<h6><span style=\"font-family: helvetica, arial, sans-serif; color: #520606;\">3 ANYS DE GARANTIA<\/span><\/h6>\n","protected":false},"featured_media":6359,"template":"","meta":{"_et_pb_use_builder":"","_et_pb_old_content":"","_et_gb_content_width":"","_joinchat":[]},"product_brand":[],"product_cat":[94,181,95],"product_tag":[],"class_list":{"0":"post-6356","1":"product","2":"type-product","3":"status-publish","4":"has-post-thumbnail","6":"product_cat-cadires","7":"product_cat-confident-i-reunions","8":"product_cat-de-reunio-i-polivalent","10":"first","11":"outofstock","12":"taxable","13":"shipping-taxable","14":"purchasable","15":"product-type-simple"},"_links":{"self":[{"href":"https:\/\/infomueble.es\/ca\/wp-json\/wp\/v2\/product\/6356","targetHints":{"allow":["GET"]}}],"collection":[{"href":"https:\/\/infomueble.es\/ca\/wp-json\/wp\/v2\/product"}],"about":[{"href":"https:\/\/infomueble.es\/ca\/wp-json\/wp\/v2\/types\/product"}],"wp:featuredmedia":[{"embeddable":true,"href":"https:\/\/infomueble.es\/ca\/wp-json\/wp\/v2\/media\/6359"}],"wp:attachment":[{"href":"https:\/\/infomueble.es\/ca\/wp-json\/wp\/v2\/media?parent=6356"}],"wp:term":[{"taxonomy":"product_brand","embeddable":true,"href":"https:\/\/infomueble.es\/ca\/wp-json\/wp\/v2\/product_brand?post=6356"},{"taxonomy":"product_cat","embeddable":true,"href":"https:\/\/infomueble.es\/ca\/wp-json\/wp\/v2\/product_cat?post=6356"},{"taxonomy":"product_tag","embeddable":true,"href":"https:\/\/infomueble.es\/ca\/wp-json\/wp\/v2\/product_tag?post=6356"}],"curies":[{"name":"wp","href":"https:\/\/api.w.org\/{rel}","templated":true}]}}